{"id":784,"date":"2024-04-24T20:15:31","date_gmt":"2024-04-24T23:15:31","guid":{"rendered":"https:\/\/pluginsds.com\/sites\/?post_type=product&#038;p=784"},"modified":"2024-05-01T10:39:18","modified_gmt":"2024-05-01T13:39:18","slug":"luz-de-video-rgb-iluminador-mini-led-pra-camera-panel-led","status":"publish","type":"product","link":"https:\/\/templates.agenciagosites.com.br\/loja\/produto\/luz-de-video-rgb-iluminador-mini-led-pra-camera-panel-led\/","title":{"rendered":"Luz De V\u00eddeo Rgb Iluminador Mini Led Pra C\u00e2mera Panel Led"},"content":{"rendered":"<p>A luz de preenchimento LED Tomate MLG-106 possui modos ajust\u00e1veis, como diferentes temperaturas de cor, cores vari\u00e1veis SOS e RGB. Utiliza l\u00e2mpadas de alta qualidade e alta luminosidade; todo o brilho, temperatura de cor e modo de cor RGB s\u00e3o ajust\u00e1veis.<\/p>\n<p>Este produto tem um tamanho mini de 82mm* 71 mm, alimentado por uma interface Type-C, tornando-o port\u00e1til e conveniente.<\/p>\n<p>Possui v\u00e1rias portas de expans\u00e3o, fornecidas com tr\u00eas sapatos frios padr\u00e3o, uma base para sapatos frios e um orif\u00edcio de parafuso de 1\/4 de polegada para facilitar a montagem.<\/p>\n<p>A luz \u00e9 suave e distribu\u00edda uniformemente, adequada para fotografia macro, fotografia de casamento, fotografia de natureza morta, ilumina\u00e7\u00e3o de entrevistas, produ\u00e7\u00e3o de efeitos especiais e grava\u00e7\u00e3o de v\u00eddeo.<\/p>\n<p>Especifica\u00e7\u00e3o:<br \/>\nMarca: Tomate<br \/>\nModelo: MLG-106<br \/>\nPot\u00eancia: 7 W<br \/>\nHor\u00e1rio de trabalho: Dependente da bateria<br \/>\nTemperatura de cor: 3200K-5900K<\/p>\n<p>Garantia do vendedor: 30 dias<\/p>\n<p>O microfone de lapela \u00e9 um dispositivo de \u00e1udio compacto e port\u00e1til projetado para capturar som de alta qualidade em situa\u00e7\u00f5es onde \u00e9 necess\u00e1rio um alto grau de mobilidade. Esse tipo de microfone \u00e9 amplamente utilizado em produ\u00e7\u00f5es audiovisuais, apresenta\u00e7\u00f5es ao vivo, entrevistas, grava\u00e7\u00f5es de televis\u00e3o e em v\u00e1rias outras situa\u00e7\u00f5es em que a capta\u00e7\u00e3o de \u00e1udio de qualidade \u00e9 essencial.<br \/>\nO microfone de lapela \u00e9 pequeno, discreto e f\u00e1cil de prender no colarinho da roupa do usu\u00e1rio. Ele possui um transmissor sem fio, permitindo uma liberdade de movimento sem restri\u00e7\u00f5es durante uma grava\u00e7\u00e3o. Esse recurso \u00e9 particularmente \u00fatil em situa\u00e7\u00f5es em que o movimento \u00e9 essencial, como apresenta\u00e7\u00f5es no palco, entrevistas externas ou realizadas em locais onde o acesso a um microfone convencional seria dif\u00edcil ou inconveniente.<br \/>\nO Microfone de Lapela \u00e9 projetado para minimizar ru\u00eddos indesejados e fornecer uma reprodu\u00e7\u00e3o precisa da voz ou outros sons. Os microfones de lapela possui recursos de cancelamento de ru\u00eddo e filtragem, o que reduz a interfer\u00eancia de sons de fundo, como vento, ru\u00eddos ambientes ou movimentos de roupa.<br \/>\nEm resumo, o microfone de lapela \u00e9 uma ferramenta valiosa para a captura de \u00e1udio em movimento. Sua portabilidade, qualidade de som e facilidade de uso tornam-no uma op\u00e7\u00e3o popular entre profissionais de \u00e1udio, apresentadores, jornalistas, cinegrafistas e qualquer pessoa que precise gravar \u00e1udio de alta qualidade em situa\u00e7\u00f5es em que a mobilidade \u00e9 essencial.<\/p>\n<p>Especifica\u00e7\u00f5es:<br \/>\nFrequ\u00eancia: 2.4GHz<br \/>\nTens\u00e3o de entrada: DC4.8 \u2013 5.4V<br \/>\nConex\u00e3o: USB Tipo C<br \/>\nCor: Preto<br \/>\nCapacidade Bateria: 80mAh<br \/>\nDist\u00e2ncia de transmiss\u00e3o: 20 metros<br \/>\nTamanho do microfone: 62*23*28mm<br \/>\nPeso do Microfone: 7g<br \/>\nTamanho do receptor: 45*27*7mm<br \/>\nPeso do receptor: 4g<br \/>\nFaixa de frequ\u00eancia: 20hz-20khz<br \/>\nSensibilidade:-30db 11db<br \/>\nSNR: &gt;60dB<br \/>\nImped\u00e2ncia: &lt;= 2.2k ohm<\/p>\n<p>Conte\u00fado do pacote:<br \/>\n2 x microfone sem fio recarreg\u00e1vel<br \/>\n1 x receptor<br \/>\n1 x manual<br \/>\n1 x cabo de carregamento USB tipo C<\/p>\n<p>Ol\u00e1, seja bem-vindo a MULTILI SHOP!<br \/>\nAproveite nossas promo\u00e7\u00f5es e adquira seu produto com o melhor custo benef\u00edcio e seguran\u00e7a, pois todos os nossos produtos s\u00e3o testados e cuidadosamente embalados prezando sempre pela qualidade e satisfa\u00e7\u00e3o de nossos clientes tornado \u00f3tima a experi\u00eancia de comprar conosco.<\/p>\n<p>Qualquer d\u00favida conte conosco, ser\u00e1 um prazer lhe atender!<br \/>\nAtenciosamente,<br \/>\nMUTILI SHOP!<\/p>\n<p>Garantia do vendedor: 30 dias<\/p>\n","protected":false},"excerpt":{"rendered":"<p>A luz de preenchimento LED Tomate MLG-106 possui modos ajust\u00e1veis, como diferentes temperaturas de cor, cores vari\u00e1veis SOS e RGB. Utiliza l\u00e2mpadas de alta qualidade e alta luminosidade; todo o brilho, temperatura de cor e modo de cor RGB s\u00e3o ajust\u00e1veis. Este produto tem um tamanho mini de 82mm* 71 mm, alimentado por uma interface [&hellip;]<\/p>\n","protected":false},"featured_media":841,"comment_status":"open","ping_status":"closed","template":"","meta":[],"product_brand":[],"product_cat":[27],"product_tag":[],"class_list":{"0":"post-784","1":"product","2":"type-product","3":"status-publish","4":"has-post-thumbnail","6":"product_cat-luzes","8":"first","9":"instock","10":"sale","11":"shipping-taxable","12":"purchasable","13":"product-type-simple"},"_links":{"self":[{"href":"https:\/\/templates.agenciagosites.com.br\/loja\/wp-json\/wp\/v2\/product\/784","targetHints":{"allow":["GET"]}}],"collection":[{"href":"https:\/\/templates.agenciagosites.com.br\/loja\/wp-json\/wp\/v2\/product"}],"about":[{"href":"https:\/\/templates.agenciagosites.com.br\/loja\/wp-json\/wp\/v2\/types\/product"}],"replies":[{"embeddable":true,"href":"https:\/\/templates.agenciagosites.com.br\/loja\/wp-json\/wp\/v2\/comments?post=784"}],"wp:featuredmedia":[{"embeddable":true,"href":"https:\/\/templates.agenciagosites.com.br\/loja\/wp-json\/wp\/v2\/media\/841"}],"wp:attachment":[{"href":"https:\/\/templates.agenciagosites.com.br\/loja\/wp-json\/wp\/v2\/media?parent=784"}],"wp:term":[{"taxonomy":"product_brand","embeddable":true,"href":"https:\/\/templates.agenciagosites.com.br\/loja\/wp-json\/wp\/v2\/product_brand?post=784"},{"taxonomy":"product_cat","embeddable":true,"href":"https:\/\/templates.agenciagosites.com.br\/loja\/wp-json\/wp\/v2\/product_cat?post=784"},{"taxonomy":"product_tag","embeddable":true,"href":"https:\/\/templates.agenciagosites.com.br\/loja\/wp-json\/wp\/v2\/product_tag?post=784"}],"curies":[{"name":"wp","href":"https:\/\/api.w.org\/{rel}","templated":true}]}}