{"id":782,"date":"2024-04-24T20:15:31","date_gmt":"2024-04-24T23:15:31","guid":{"rendered":"https:\/\/pluginsds.com\/sites\/?post_type=product&#038;p=782"},"modified":"2024-04-24T20:16:35","modified_gmt":"2024-04-24T23:16:35","slug":"microfone-duplo-profissional-de-lapela-anti-ruido-p-iphone-cor-preto","status":"publish","type":"product","link":"https:\/\/templates.agenciagosites.com.br\/loja\/produto\/microfone-duplo-profissional-de-lapela-anti-ruido-p-iphone-cor-preto\/","title":{"rendered":"Microfone Duplo Profissional De Lapela Anti Ru\u00eddo P\/ iPhone Cor Preto"},"content":{"rendered":"<p>Com os microfones da H&#8217;maston voc\u00ea vai descobrir uma nova maneira de capturar e transmitir \u00e1udios.<\/p>\n<p>Reflex\u00e3o fiel da realidade<br \/>\nCaracterizado pelo seu pequeno tamanho e os seus filtros para evitar as baixas frequ\u00eancias causadas por esfregar o dispositivo com a roupa.<\/p>\n","protected":false},"excerpt":{"rendered":"<p>Com os microfones da H&#8217;maston voc\u00ea vai descobrir uma nova maneira de capturar e transmitir \u00e1udios. Reflex\u00e3o fiel da realidade Caracterizado pelo seu pequeno tamanho e os seus filtros para evitar as baixas frequ\u00eancias causadas por esfregar o dispositivo com a roupa.<\/p>\n","protected":false},"featured_media":835,"comment_status":"open","ping_status":"closed","template":"","meta":[],"product_brand":[],"product_cat":[24],"product_tag":[],"class_list":{"0":"post-782","1":"product","2":"type-product","3":"status-publish","4":"has-post-thumbnail","6":"product_cat-microfone","8":"first","9":"instock","10":"sale","11":"shipping-taxable","12":"purchasable","13":"product-type-simple"},"_links":{"self":[{"href":"https:\/\/templates.agenciagosites.com.br\/loja\/wp-json\/wp\/v2\/product\/782","targetHints":{"allow":["GET"]}}],"collection":[{"href":"https:\/\/templates.agenciagosites.com.br\/loja\/wp-json\/wp\/v2\/product"}],"about":[{"href":"https:\/\/templates.agenciagosites.com.br\/loja\/wp-json\/wp\/v2\/types\/product"}],"replies":[{"embeddable":true,"href":"https:\/\/templates.agenciagosites.com.br\/loja\/wp-json\/wp\/v2\/comments?post=782"}],"wp:featuredmedia":[{"embeddable":true,"href":"https:\/\/templates.agenciagosites.com.br\/loja\/wp-json\/wp\/v2\/media\/835"}],"wp:attachment":[{"href":"https:\/\/templates.agenciagosites.com.br\/loja\/wp-json\/wp\/v2\/media?parent=782"}],"wp:term":[{"taxonomy":"product_brand","embeddable":true,"href":"https:\/\/templates.agenciagosites.com.br\/loja\/wp-json\/wp\/v2\/product_brand?post=782"},{"taxonomy":"product_cat","embeddable":true,"href":"https:\/\/templates.agenciagosites.com.br\/loja\/wp-json\/wp\/v2\/product_cat?post=782"},{"taxonomy":"product_tag","embeddable":true,"href":"https:\/\/templates.agenciagosites.com.br\/loja\/wp-json\/wp\/v2\/product_tag?post=782"}],"curies":[{"name":"wp","href":"https:\/\/api.w.org\/{rel}","templated":true}]}}