{"id":776,"date":"2024-04-24T20:15:31","date_gmt":"2024-04-24T23:15:31","guid":{"rendered":"https:\/\/pluginsds.com\/sites\/?post_type=product&#038;p=776"},"modified":"2024-04-24T20:16:14","modified_gmt":"2024-04-24T23:16:14","slug":"fone-de-ouvido-headset-h390-usb-rose-logitech","status":"publish","type":"product","link":"https:\/\/templates.agenciagosites.com.br\/loja\/produto\/fone-de-ouvido-headset-h390-usb-rose-logitech\/","title":{"rendered":"Fone de ouvido Headset H390 Usb Rose Logitech"},"content":{"rendered":"<p>SUA COMUNICA\u00c7\u00c3O EM OUTRO N\u00cdVEL!<\/p>\n<p>Experimente chamadas de v\u00eddeo n\u00edtidas e \u00e1udio de qualidade superior com o headset Logitech H390. Este headset oferece uma conex\u00e3o USB simples, permitindo que voc\u00ea se conecte rapidamente ao seu computador e inicie chamadas de v\u00eddeo sem complica\u00e7\u00f5es. O microfone com cancelamento de ru\u00eddo garante que suas conversas sejam claras, reduzindo os ru\u00eddos indesejados do ambiente. Os controles convenientes no cabo permitem ajustar o volume ou silenciar o som sem interromper suas chamadas, oferecendo praticidade durante o uso.<\/p>\n<p>O Logitech H390 apresenta drivers de \u00e1udio de 30 mm com ajuste fino, fornecendo \u00e1udio digital aprimorado para suas reuni\u00f5es, m\u00fasicas e mais. O arco de cabe\u00e7a ajust\u00e1vel e as almofadas de couro sint\u00e9tico garantem conforto durante horas de uso. Al\u00e9m disso, o microfone flex\u00edvel pode ser afastado quando n\u00e3o estiver em uso, permitindo maior praticidade. Este headset \u00e9 uma escolha ideal para quem busca qualidade de \u00e1udio superior, conforto duradouro e facilidade de uso em suas comunica\u00e7\u00f5es di\u00e1rias.<\/p>\n<p>DIMENS\u00c3O E PESO<br \/>\nAltura: 171 mm<br \/>\nLargura: 151 mm<br \/>\nProfundidade: 68 mm<br \/>\nPeso: 0,197 kg<\/p>\n","protected":false},"excerpt":{"rendered":"<p>SUA COMUNICA\u00c7\u00c3O EM OUTRO N\u00cdVEL! Experimente chamadas de v\u00eddeo n\u00edtidas e \u00e1udio de qualidade superior com o headset Logitech H390. Este headset oferece uma conex\u00e3o USB simples, permitindo que voc\u00ea se conecte rapidamente ao seu computador e inicie chamadas de v\u00eddeo sem complica\u00e7\u00f5es. O microfone com cancelamento de ru\u00eddo garante que suas conversas sejam claras, [&hellip;]<\/p>\n","protected":false},"featured_media":811,"comment_status":"open","ping_status":"closed","template":"","meta":[],"product_brand":[],"product_cat":[20,44],"product_tag":[],"class_list":{"0":"post-776","1":"product","2":"type-product","3":"status-publish","4":"has-post-thumbnail","6":"product_cat-fone-de-ouvido","7":"product_cat-headset","9":"first","10":"instock","11":"sale","12":"shipping-taxable","13":"purchasable","14":"product-type-simple"},"_links":{"self":[{"href":"https:\/\/templates.agenciagosites.com.br\/loja\/wp-json\/wp\/v2\/product\/776","targetHints":{"allow":["GET"]}}],"collection":[{"href":"https:\/\/templates.agenciagosites.com.br\/loja\/wp-json\/wp\/v2\/product"}],"about":[{"href":"https:\/\/templates.agenciagosites.com.br\/loja\/wp-json\/wp\/v2\/types\/product"}],"replies":[{"embeddable":true,"href":"https:\/\/templates.agenciagosites.com.br\/loja\/wp-json\/wp\/v2\/comments?post=776"}],"wp:featuredmedia":[{"embeddable":true,"href":"https:\/\/templates.agenciagosites.com.br\/loja\/wp-json\/wp\/v2\/media\/811"}],"wp:attachment":[{"href":"https:\/\/templates.agenciagosites.com.br\/loja\/wp-json\/wp\/v2\/media?parent=776"}],"wp:term":[{"taxonomy":"product_brand","embeddable":true,"href":"https:\/\/templates.agenciagosites.com.br\/loja\/wp-json\/wp\/v2\/product_brand?post=776"},{"taxonomy":"product_cat","embeddable":true,"href":"https:\/\/templates.agenciagosites.com.br\/loja\/wp-json\/wp\/v2\/product_cat?post=776"},{"taxonomy":"product_tag","embeddable":true,"href":"https:\/\/templates.agenciagosites.com.br\/loja\/wp-json\/wp\/v2\/product_tag?post=776"}],"curies":[{"name":"wp","href":"https:\/\/api.w.org\/{rel}","templated":true}]}}