{"id":775,"date":"2024-04-24T20:15:31","date_gmt":"2024-04-24T23:15:31","guid":{"rendered":"https:\/\/pluginsds.com\/sites\/?post_type=product&#038;p=775"},"modified":"2024-04-24T20:16:10","modified_gmt":"2024-04-24T23:16:10","slug":"headphone-bluetooth-philco-pfo01btg-wave-bivolt-rose-gold","status":"publish","type":"product","link":"https:\/\/templates.agenciagosites.com.br\/loja\/produto\/headphone-bluetooth-philco-pfo01btg-wave-bivolt-rose-gold\/","title":{"rendered":"Headphone Bluetooth Philco PFO01BTG Wave &#8211; Bivolt Rose Gold"},"content":{"rendered":"<p>Marca PHILCO<br \/>\nNome do modelo Headphone Bluetooth Philco PFO01BTG Wave &#8211; Bivolt<br \/>\nCor Rose Gold<br \/>\nFator de forma dos fones de ouvido Sobre a orelha<br \/>\nTecnologia de conectividade Sem fio<br \/>\nSobre este item<br \/>\n150mW de pot\u00eancia<br \/>\nFrequ\u00eancia de resposta de 20 at\u00e9 20000Hz<br \/>\nEntrada para cabo auxiliar (p2)<br \/>\nEntrada para cart\u00e3o SD e op\u00e7\u00e3o r\u00e1dio<br \/>\nFun\u00e7\u00f5es r\u00e1dio, cart\u00e3o de mem\u00f3ria e bluetooth<br \/>\nMicrofone integrado<br \/>\nBot\u00f5es on\/off, +\/-, and Mode<br \/>\nBateria de 400mAh<br \/>\nControle remoto de chamadas<br \/>\nSensibilidade do microfone 103dB<\/p>\n","protected":false},"excerpt":{"rendered":"<p>Marca PHILCO Nome do modelo Headphone Bluetooth Philco PFO01BTG Wave &#8211; Bivolt Cor Rose Gold Fator de forma dos fones de ouvido Sobre a orelha Tecnologia de conectividade Sem fio Sobre este item 150mW de pot\u00eancia Frequ\u00eancia de resposta de 20 at\u00e9 20000Hz Entrada para cabo auxiliar (p2) Entrada para cart\u00e3o SD e op\u00e7\u00e3o r\u00e1dio [&hellip;]<\/p>\n","protected":false},"featured_media":808,"comment_status":"open","ping_status":"closed","template":"","meta":[],"product_brand":[],"product_cat":[20,44],"product_tag":[],"class_list":{"0":"post-775","1":"product","2":"type-product","3":"status-publish","4":"has-post-thumbnail","6":"product_cat-fone-de-ouvido","7":"product_cat-headset","9":"first","10":"instock","11":"sale","12":"shipping-taxable","13":"purchasable","14":"product-type-simple"},"_links":{"self":[{"href":"https:\/\/templates.agenciagosites.com.br\/loja\/wp-json\/wp\/v2\/product\/775","targetHints":{"allow":["GET"]}}],"collection":[{"href":"https:\/\/templates.agenciagosites.com.br\/loja\/wp-json\/wp\/v2\/product"}],"about":[{"href":"https:\/\/templates.agenciagosites.com.br\/loja\/wp-json\/wp\/v2\/types\/product"}],"replies":[{"embeddable":true,"href":"https:\/\/templates.agenciagosites.com.br\/loja\/wp-json\/wp\/v2\/comments?post=775"}],"wp:featuredmedia":[{"embeddable":true,"href":"https:\/\/templates.agenciagosites.com.br\/loja\/wp-json\/wp\/v2\/media\/808"}],"wp:attachment":[{"href":"https:\/\/templates.agenciagosites.com.br\/loja\/wp-json\/wp\/v2\/media?parent=775"}],"wp:term":[{"taxonomy":"product_brand","embeddable":true,"href":"https:\/\/templates.agenciagosites.com.br\/loja\/wp-json\/wp\/v2\/product_brand?post=775"},{"taxonomy":"product_cat","embeddable":true,"href":"https:\/\/templates.agenciagosites.com.br\/loja\/wp-json\/wp\/v2\/product_cat?post=775"},{"taxonomy":"product_tag","embeddable":true,"href":"https:\/\/templates.agenciagosites.com.br\/loja\/wp-json\/wp\/v2\/product_tag?post=775"}],"curies":[{"name":"wp","href":"https:\/\/api.w.org\/{rel}","templated":true}]}}