{"id":774,"date":"2024-04-24T20:15:31","date_gmt":"2024-04-24T23:15:31","guid":{"rendered":"https:\/\/pluginsds.com\/sites\/?post_type=product&#038;p=774"},"modified":"2024-04-24T20:16:07","modified_gmt":"2024-04-24T23:16:07","slug":"fone-de-ouvido-jbl-headset-gamer-quantum-100-preto","status":"publish","type":"product","link":"https:\/\/templates.agenciagosites.com.br\/loja\/produto\/fone-de-ouvido-jbl-headset-gamer-quantum-100-preto\/","title":{"rendered":"Fone de Ouvido JBL, Headset Gamer, Quantum 100 &#8211; Preto"},"content":{"rendered":"<p>Fone de ouvido, Conex\u00e3o Bluetooth 5.0, 150mW, Concha almofadada, PFO01BTG, Rose gold, Philco<\/p>\n<p>Marca JBL<br \/>\nNome do modelo Headset Quantum<br \/>\nCor Preto<br \/>\nFator de forma dos fones de ouvido Extra-auriculares<br \/>\nTecnologia de conectividade Com fio<br \/>\nSobre este item<br \/>\nO dispositivo que ser\u00e1 usado com o fone de ouvido precisa ter entrada de \u00e1udio P3<br \/>\nVOC\u00ca NO CENTRO DO JOGO. De pequenos passos at\u00e9 a explos\u00e3o mais alta, o JBL torna cada cena \u00e9pica e cada jogador mais competitivo. Nosso \u00e1udio exclusivo proporciona o ambiente sonoro mais realista para uma vantagem competitiva em qualquer batalha.<br \/>\nAINDA MAIS CONFORTO. A haste leve e as almofadas auriculares com espuma de mem\u00f3ria foram projetadas at\u00e9 mesmo para as sess\u00f5es de jogos mais longas.<br \/>\nSUA VOZ EM ALTO E BOM SOM. O JBL Quantum 100 permite agrupar as tropas e os oponentes com clareza. O microfone boom direcional, remov\u00edvel e com foco na voz vem equipado com recursos de silenciamento.<br \/>\nCOMPAT\u00cdVEL COM TODAS AS PLATAFORMAS. Compat\u00edvel com entradas de 3,5mm com PC, PlayStation, XBox, Nintendo Switch, Dispositivos M\u00f3veis, Mac e realidade virtual.<br \/>\nCONTE\u00daDO DA CAIXA. Fone Ouvido JBL Quantum 100, microfone remov\u00edvel, espuma para microfone, QSG, certificado de garantia e ficha de seguran\u00e7a.<\/p>\n","protected":false},"excerpt":{"rendered":"<p>Fone de ouvido, Conex\u00e3o Bluetooth 5.0, 150mW, Concha almofadada, PFO01BTG, Rose gold, Philco Marca JBL Nome do modelo Headset Quantum Cor Preto Fator de forma dos fones de ouvido Extra-auriculares Tecnologia de conectividade Com fio Sobre este item O dispositivo que ser\u00e1 usado com o fone de ouvido precisa ter entrada de \u00e1udio P3 VOC\u00ca [&hellip;]<\/p>\n","protected":false},"featured_media":804,"comment_status":"open","ping_status":"closed","template":"","meta":[],"product_brand":[],"product_cat":[20,44],"product_tag":[],"class_list":{"0":"post-774","1":"product","2":"type-product","3":"status-publish","4":"has-post-thumbnail","6":"product_cat-fone-de-ouvido","7":"product_cat-headset","9":"first","10":"instock","11":"sale","12":"shipping-taxable","13":"purchasable","14":"product-type-simple"},"_links":{"self":[{"href":"https:\/\/templates.agenciagosites.com.br\/loja\/wp-json\/wp\/v2\/product\/774","targetHints":{"allow":["GET"]}}],"collection":[{"href":"https:\/\/templates.agenciagosites.com.br\/loja\/wp-json\/wp\/v2\/product"}],"about":[{"href":"https:\/\/templates.agenciagosites.com.br\/loja\/wp-json\/wp\/v2\/types\/product"}],"replies":[{"embeddable":true,"href":"https:\/\/templates.agenciagosites.com.br\/loja\/wp-json\/wp\/v2\/comments?post=774"}],"wp:featuredmedia":[{"embeddable":true,"href":"https:\/\/templates.agenciagosites.com.br\/loja\/wp-json\/wp\/v2\/media\/804"}],"wp:attachment":[{"href":"https:\/\/templates.agenciagosites.com.br\/loja\/wp-json\/wp\/v2\/media?parent=774"}],"wp:term":[{"taxonomy":"product_brand","embeddable":true,"href":"https:\/\/templates.agenciagosites.com.br\/loja\/wp-json\/wp\/v2\/product_brand?post=774"},{"taxonomy":"product_cat","embeddable":true,"href":"https:\/\/templates.agenciagosites.com.br\/loja\/wp-json\/wp\/v2\/product_cat?post=774"},{"taxonomy":"product_tag","embeddable":true,"href":"https:\/\/templates.agenciagosites.com.br\/loja\/wp-json\/wp\/v2\/product_tag?post=774"}],"curies":[{"name":"wp","href":"https:\/\/api.w.org\/{rel}","templated":true}]}}