{"id":564,"date":"2024-04-24T20:11:40","date_gmt":"2024-04-24T23:11:40","guid":{"rendered":"https:\/\/pluginsds.com\/sites\/?post_type=product&#038;p=564"},"modified":"2024-04-24T20:13:15","modified_gmt":"2024-04-24T23:13:15","slug":"rimel-vibely-a-prova-dagua-4d","status":"publish","type":"product","link":"https:\/\/templates.agenciagosites.com.br\/loja\/produto\/rimel-vibely-a-prova-dagua-4d\/","title":{"rendered":"R\u00edmel Vibely \u00e0 prova D&#8217;\u00e1gua 4D"},"content":{"rendered":"<p>&nbsp;<\/p>\n<figure class=\"image\"><img decoding=\"async\" src=\"https:\/\/ae01.alicdn.com\/kf\/S1e0abb07e22b4494be1e095fdfa298643.png?width=186&amp;height=257&amp;hash=443\"><\/figure>\n<figure class=\"image\"><img decoding=\"async\" src=\"https:\/\/ae01.alicdn.com\/kf\/S1e0abb07e22b4494be1e095fdfa298643.png?width=186&amp;height=257&amp;hash=443\"><\/figure>\n<figure class=\"image\"><img decoding=\"async\" src=\"https:\/\/ae01.alicdn.com\/kf\/S1e0abb07e22b4494be1e095fdfa298643.png?width=186&amp;height=257&amp;hash=443\"><\/figure>\n<figure class=\"image\"><img decoding=\"async\" src=\"https:\/\/ae01.alicdn.com\/kf\/S1e0abb07e22b4494be1e095fdfa298643.png?width=186&amp;height=257&amp;hash=443\"><\/figure>\n<figure class=\"image\"><img decoding=\"async\" src=\"https:\/\/ae01.alicdn.com\/kf\/S1e0abb07e22b4494be1e095fdfa298643.png?width=186&amp;height=257&amp;hash=443\"><\/figure>\n<figure class=\"image\"><img decoding=\"async\" src=\"https:\/\/ae01.alicdn.com\/kf\/S1e0abb07e22b4494be1e095fdfa298643.png?width=186&amp;height=257&amp;hash=443\"><\/figure>\n<figure class=\"image\"><img decoding=\"async\" src=\"https:\/\/ae01.alicdn.com\/kf\/S1e0abb07e22b4494be1e095fdfa298643.png?width=186&amp;height=257&amp;hash=443\"><\/figure>\n<figure class=\"image\"><img decoding=\"async\" src=\"https:\/\/ae01.alicdn.com\/kf\/S1e0abb07e22b4494be1e095fdfa298643.png?width=186&amp;height=257&amp;hash=443\"><\/figure>\n<figure class=\"image\"><img decoding=\"async\" src=\"https:\/\/ae01.alicdn.com\/kf\/S1e0abb07e22b4494be1e095fdfa298643.png?width=186&amp;height=257&amp;hash=443\"><\/figure>\n<figure class=\"image\"><img decoding=\"async\" src=\"https:\/\/ae01.alicdn.com\/kf\/S1e0abb07e22b4494be1e095fdfa298643.png?width=186&amp;height=257&amp;hash=443\"><\/figure>\n<figure class=\"image\"><img decoding=\"async\" src=\"https:\/\/ae01.alicdn.com\/kf\/S1e0abb07e22b4494be1e095fdfa298643.png?width=186&amp;height=257&amp;hash=443\"><\/figure>\n<figure class=\"image\"><img decoding=\"async\" src=\"https:\/\/ae01.alicdn.com\/kf\/S1e0abb07e22b4494be1e095fdfa298643.png?width=186&amp;height=257&amp;hash=443\"><\/figure>\n<figure class=\"image\"><img decoding=\"async\" src=\"https:\/\/ae01.alicdn.com\/kf\/S1e0abb07e22b4494be1e095fdfa298643.png?width=186&amp;height=257&amp;hash=443\"><\/figure>\n<figure class=\"image\"><img decoding=\"async\" src=\"https:\/\/ae01.alicdn.com\/kf\/S1e0abb07e22b4494be1e095fdfa298643.png?width=186&amp;height=257&amp;hash=443\"><\/figure>\n<figure class=\"image\"><img decoding=\"async\" src=\"https:\/\/ae01.alicdn.com\/kf\/S1e0abb07e22b4494be1e095fdfa298643.png?width=186&amp;height=257&amp;hash=443\"><\/figure>\n<figure class=\"image\"><img decoding=\"async\" src=\"https:\/\/ae03.alicdn.com\/kf\/Scfb02bb8f8be46928451cf300b958372s.jpg\"><\/figure>\n<figure class=\"image\"><img decoding=\"async\" src=\"https:\/\/ae03.alicdn.com\/kf\/S4ae0ac696bb14915b2840c31add63c513.jpg\"><\/figure>\n<figure class=\"image\"><img decoding=\"async\" src=\"https:\/\/ae03.alicdn.com\/kf\/S510d3722a0014ebdbaad1cff2c2251c9b.jpg\"><\/figure>\n<figure class=\"image\"><img decoding=\"async\" src=\"https:\/\/ae03.alicdn.com\/kf\/S8f31bc2665d74a7fa268899dab68f6000.jpg\"><\/figure>\n<p>&nbsp;<\/p>\n<figure class=\"image\"><img decoding=\"async\" src=\"https:\/\/ae01.alicdn.com\/kf\/H033650ede67c47a8b7c63bf81df35cb2R.jpg\"><\/figure>\n<figure class=\"image\"><img decoding=\"async\" src=\"https:\/\/ae01.alicdn.com\/kf\/H8cae0e01cebe4374b72debeea5f11e3do.jpg\"><\/figure>\n<figure class=\"image\"><img decoding=\"async\" src=\"https:\/\/ae01.alicdn.com\/kf\/Hcd9dc98a29ec4bd19cd87737cc61917fe.jpg\"><\/figure>\n<figure class=\"image\"><img decoding=\"async\" src=\"https:\/\/ae01.alicdn.com\/kf\/H849c499d79a040a0a19afe9e6fb954a6y.jpg\"><\/figure>\n<figure class=\"image\"><img decoding=\"async\" src=\"https:\/\/ae01.alicdn.com\/kf\/H4c70f18911e249d6a84281c351326daaL.jpg\"><\/figure>\n<figure class=\"image\"><img decoding=\"async\" src=\"https:\/\/ae01.alicdn.com\/kf\/Hc38fde75592a4df1a1757b078e4b9554B.jpg\"><\/figure>\n<figure class=\"image\"><img decoding=\"async\" src=\"https:\/\/ae01.alicdn.com\/kf\/H41fa76cae8304a66a3f195c1ecbd961aq.jpg\"><\/figure>\n<figure class=\"image\"><img decoding=\"async\" src=\"https:\/\/ae01.alicdn.com\/kf\/H8c5c79617edd4c6c9751aedbb6b937dfZ.jpg\"><\/figure>\n<figure class=\"image\"><img decoding=\"async\" src=\"https:\/\/ae01.alicdn.com\/kf\/H4340d3484f12424fb3768ed42e8454e7j.jpg\"><\/figure>\n<p>&nbsp;<\/p>\n<p>&nbsp;<\/p>\n<p>&nbsp;<\/p>\n","protected":false},"excerpt":{"rendered":"<p>&nbsp; &nbsp; &nbsp; &nbsp; &nbsp;<\/p>\n","protected":false},"featured_media":647,"comment_status":"open","ping_status":"closed","template":"","meta":[],"product_brand":[],"product_cat":[39],"product_tag":[],"class_list":{"0":"post-564","1":"product","2":"type-product","3":"status-publish","4":"has-post-thumbnail","6":"product_cat-beleza-e-bem-estar","8":"first","9":"instock","10":"shipping-taxable","11":"purchasable","12":"product-type-simple"},"_links":{"self":[{"href":"https:\/\/templates.agenciagosites.com.br\/loja\/wp-json\/wp\/v2\/product\/564","targetHints":{"allow":["GET"]}}],"collection":[{"href":"https:\/\/templates.agenciagosites.com.br\/loja\/wp-json\/wp\/v2\/product"}],"about":[{"href":"https:\/\/templates.agenciagosites.com.br\/loja\/wp-json\/wp\/v2\/types\/product"}],"replies":[{"embeddable":true,"href":"https:\/\/templates.agenciagosites.com.br\/loja\/wp-json\/wp\/v2\/comments?post=564"}],"wp:featuredmedia":[{"embeddable":true,"href":"https:\/\/templates.agenciagosites.com.br\/loja\/wp-json\/wp\/v2\/media\/647"}],"wp:attachment":[{"href":"https:\/\/templates.agenciagosites.com.br\/loja\/wp-json\/wp\/v2\/media?parent=564"}],"wp:term":[{"taxonomy":"product_brand","embeddable":true,"href":"https:\/\/templates.agenciagosites.com.br\/loja\/wp-json\/wp\/v2\/product_brand?post=564"},{"taxonomy":"product_cat","embeddable":true,"href":"https:\/\/templates.agenciagosites.com.br\/loja\/wp-json\/wp\/v2\/product_cat?post=564"},{"taxonomy":"product_tag","embeddable":true,"href":"https:\/\/templates.agenciagosites.com.br\/loja\/wp-json\/wp\/v2\/product_tag?post=564"}],"curies":[{"name":"wp","href":"https:\/\/api.w.org\/{rel}","templated":true}]}}