{"id":398,"date":"2024-04-24T20:09:02","date_gmt":"2024-04-24T23:09:02","guid":{"rendered":"https:\/\/pluginsds.com\/sites\/?post_type=product&#038;p=398"},"modified":"2024-05-03T17:39:05","modified_gmt":"2024-05-03T20:39:05","slug":"aliviador-respiravel-de-ciatico-correcao-de-inclinacao-pelvica-e-dor-no-quadril","status":"publish","type":"product","link":"https:\/\/templates.agenciagosites.com.br\/loja\/produto\/aliviador-respiravel-de-ciatico-correcao-de-inclinacao-pelvica-e-dor-no-quadril\/","title":{"rendered":"Aliviador Respir\u00e1vel de Ci\u00e1tico &#8211; Corre\u00e7\u00e3o de inclina\u00e7\u00e3o p\u00e9lvica e Dor no quadril"},"content":{"rendered":"","protected":false},"excerpt":{"rendered":"","protected":false},"featured_media":413,"comment_status":"open","ping_status":"closed","template":"","meta":[],"product_brand":[],"product_cat":[38],"product_tag":[],"class_list":{"0":"post-398","1":"product","2":"type-product","3":"status-publish","4":"has-post-thumbnail","6":"product_cat-saude","8":"first","9":"instock","10":"shipping-taxable","11":"purchasable","12":"product-type-simple"},"_links":{"self":[{"href":"https:\/\/templates.agenciagosites.com.br\/loja\/wp-json\/wp\/v2\/product\/398","targetHints":{"allow":["GET"]}}],"collection":[{"href":"https:\/\/templates.agenciagosites.com.br\/loja\/wp-json\/wp\/v2\/product"}],"about":[{"href":"https:\/\/templates.agenciagosites.com.br\/loja\/wp-json\/wp\/v2\/types\/product"}],"replies":[{"embeddable":true,"href":"https:\/\/templates.agenciagosites.com.br\/loja\/wp-json\/wp\/v2\/comments?post=398"}],"wp:featuredmedia":[{"embeddable":true,"href":"https:\/\/templates.agenciagosites.com.br\/loja\/wp-json\/wp\/v2\/media\/413"}],"wp:attachment":[{"href":"https:\/\/templates.agenciagosites.com.br\/loja\/wp-json\/wp\/v2\/media?parent=398"}],"wp:term":[{"taxonomy":"product_brand","embeddable":true,"href":"https:\/\/templates.agenciagosites.com.br\/loja\/wp-json\/wp\/v2\/product_brand?post=398"},{"taxonomy":"product_cat","embeddable":true,"href":"https:\/\/templates.agenciagosites.com.br\/loja\/wp-json\/wp\/v2\/product_cat?post=398"},{"taxonomy":"product_tag","embeddable":true,"href":"https:\/\/templates.agenciagosites.com.br\/loja\/wp-json\/wp\/v2\/product_tag?post=398"}],"curies":[{"name":"wp","href":"https:\/\/api.w.org\/{rel}","templated":true}]}}